{"id":4040,"date":"2018-10-10T20:24:14","date_gmt":"2018-10-10T20:24:14","guid":{"rendered":"http:\/\/worldsecurityfederation.com\/legislacao-e-orgaos-fiscalizadores\/"},"modified":"2019-04-03T12:26:01","modified_gmt":"2019-04-03T12:26:01","slug":"legislacao-e-orgaos-fiscalizadores","status":"publish","type":"page","link":"https:\/\/wsf.org.br\/en\/legislacao-e-orgaos-fiscalizadores\/","title":{"rendered":"Legisla\u00e7\u00e3o e \u00d3rg\u00e3os Fiscalizadores"},"content":{"rendered":"","protected":false},"excerpt":{"rendered":"","protected":false},"author":1,"featured_media":0,"parent":0,"menu_order":0,"comment_status":"closed","ping_status":"closed","template":"","meta":{"_mc_calendar":[],"footnotes":""},"class_list":["post-4040","page","type-page","status-publish","hentry"],"_links":{"self":[{"href":"https:\/\/wsf.org.br\/en\/wp-json\/wp\/v2\/pages\/4040","targetHints":{"allow":["GET"]}}],"collection":[{"href":"https:\/\/wsf.org.br\/en\/wp-json\/wp\/v2\/pages"}],"about":[{"href":"https:\/\/wsf.org.br\/en\/wp-json\/wp\/v2\/types\/page"}],"author":[{"embeddable":true,"href":"https:\/\/wsf.org.br\/en\/wp-json\/wp\/v2\/users\/1"}],"replies":[{"embeddable":true,"href":"https:\/\/wsf.org.br\/en\/wp-json\/wp\/v2\/comments?post=4040"}],"version-history":[{"count":0,"href":"https:\/\/wsf.org.br\/en\/wp-json\/wp\/v2\/pages\/4040\/revisions"}],"wp:attachment":[{"href":"https:\/\/wsf.org.br\/en\/wp-json\/wp\/v2\/media?parent=4040"}],"curies":[{"name":"wp","href":"https:\/\/api.w.org\/{rel}","templated":true}]}}