{"id":2797,"date":"2017-07-31T15:16:11","date_gmt":"2017-07-31T15:16:11","guid":{"rendered":"http:\/\/worldsecurityfederation.com\/missao-visao-e-valores\/"},"modified":"2018-08-02T16:23:25","modified_gmt":"2018-08-02T16:23:25","slug":"missao-visao-e-valores","status":"publish","type":"page","link":"https:\/\/wsf.org.br\/es\/missao-visao-e-valores\/","title":{"rendered":"MISI\u00d3N, VISI\u00d3N Y VALORES"},"content":{"rendered":"<p><strong>misi\u00f3n<\/strong><br \/>\nEducar, promover la seguridad en el mundo, luchar por la clase juntos, en el \u00e1mbito internacional.<\/p>\n<p><strong>vista<\/strong><br \/>\nLa WSF pretende convertirse en la voz de la seguridad en el mundo, para que podamos alcanzar desde el socio m\u00e1s peque\u00f1o en un \u00e1rea remota al mayor de todos en el centro del mundo.<\/p>\n<p><strong>valores<\/strong><br \/>\nNuestra conducta y de nuestros profesionales siguen los valores:<\/p>\n<p>* Integridad<br \/>\n* Liderazgo<br \/>\n* Profesionalismo<br \/>\n* Transparencia<\/p>\n<p><strong>objetivos<\/strong><br \/>\n&#8211; Facilitar el contacto global entre las organizaciones miembros y sus funcionarios y directores y ser una fuente de liderazgo internacional en cuestiones de seguridad;<\/p>\n<p>&#8211; tener representatividad ante las autoridades gubernamentales mundiales;<\/p>\n<p>&#8211; convertirse en la entidad fuente de investigaci\u00f3n mundial del Sector de Seguridad Privada, siendo referencia en informaci\u00f3n del sector.<\/p>\n<p>&#8211; Promover el intercambio de conocimiento entre los miembros sobre cuestiones de seguridad en todo el mundo y servir como una fuente primaria reconocida de informaci\u00f3n sobre cuestiones relativas a los asuntos de seguridad internacional;<\/p>\n<p>&#8211; Influenciar a los l\u00edderes de opini\u00f3n a adoptar pol\u00edticas e iniciativas que promover un mundo seguro y estable;<\/p>\n<p>&#8211; Facilitar est\u00e1ndares apropiados en el entrenamiento de personal de seguridad internacionalmente;<\/p>\n<p>&#8211; Facilitar y promover oportunidades de negocios entre las organizaciones miembros.<\/p>\n","protected":false},"excerpt":{"rendered":"<p>misi\u00f3n Educar, promover la seguridad en el mundo, luchar por la clase juntos, en el \u00e1mbito internacional. vista La WSF pretende convertirse en la voz de<span class=\"excerpt-hellip\"> [\u2026]<\/span><\/p>\n","protected":false},"author":1,"featured_media":0,"parent":0,"menu_order":0,"comment_status":"closed","ping_status":"closed","template":"","meta":{"_mc_calendar":[],"footnotes":""},"class_list":["post-2797","page","type-page","status-publish","hentry"],"_links":{"self":[{"href":"https:\/\/wsf.org.br\/es\/wp-json\/wp\/v2\/pages\/2797","targetHints":{"allow":["GET"]}}],"collection":[{"href":"https:\/\/wsf.org.br\/es\/wp-json\/wp\/v2\/pages"}],"about":[{"href":"https:\/\/wsf.org.br\/es\/wp-json\/wp\/v2\/types\/page"}],"author":[{"embeddable":true,"href":"https:\/\/wsf.org.br\/es\/wp-json\/wp\/v2\/users\/1"}],"replies":[{"embeddable":true,"href":"https:\/\/wsf.org.br\/es\/wp-json\/wp\/v2\/comments?post=2797"}],"version-history":[{"count":0,"href":"https:\/\/wsf.org.br\/es\/wp-json\/wp\/v2\/pages\/2797\/revisions"}],"wp:attachment":[{"href":"https:\/\/wsf.org.br\/es\/wp-json\/wp\/v2\/media?parent=2797"}],"curies":[{"name":"wp","href":"https:\/\/api.w.org\/{rel}","templated":true}]}}