{"id":4892,"date":"2019-08-02T14:10:37","date_gmt":"2019-08-02T14:10:37","guid":{"rendered":"https:\/\/worldsecurityfederation.com\/?post_type=product&#038;p=4892"},"modified":"2025-02-02T04:37:48","modified_gmt":"2025-02-02T04:37:48","slug":"empresa-de-seguridad-copia","status":"publish","type":"product","link":"https:\/\/wsf.org.br\/es\/product\/empresa-de-seguridad-copia\/","title":{"rendered":"Entidades representativas y organismos gubernamentales y no gubernamentales."},"content":{"rendered":"<p>1. CONDICIONES GENERALES<\/p>\n<p>Partes de este instrumento son la FEDERACI\u00d3N DE SEGURIDAD MUNDIAL &#8211; FMS, una entidad legal directa privada, registrada con CNPJ no. 28719203 \/ 0001-14, es una asociaci\u00f3n indefinida sin fines de lucro con operaciones internacionales, con sede en SBS Quadra 02, Bloque E, lote 15, Prime Business Building, Brasilia, Brasil, c\u00f3digo postal no. 70070-120, por la presente representada por su Presidente, en la forma de sus Estatutos, llamada FMS, y por otro lado, la Entidad descrita anteriormente, llamada ASOCIADA.<\/p>\n<p>2. OBJETO<\/p>\n<p>Es el objeto de los presentes t\u00e9rminos de asociaci\u00f3n entre las partes anteriores, y se\u00f1ala que el FMS est\u00e1 destinado a representar al sector de la seguridad en todo el mundo, especialmente ante las organizaciones internacionales; promover congresos, ferias, seminarios, conferencias, reuniones, capacitaciones y otros eventos sobre seguridad privada, con el objetivo de mejorar la capacidad tecnol\u00f3gica y gerencial de los sectores empresariales; generar, capturar, almacenar y difundir informaci\u00f3n y conocimiento necesarios para el desarrollo internacional del sector de seguridad privada; poner a disposici\u00f3n de los miembros boletines internacionales en l\u00ednea; permitir el contacto directo y r\u00e1pido entre los miembros; poner a disposici\u00f3n el estudio comparativo de la legislaci\u00f3n, los \u00f3rganos de supervisi\u00f3n, la gesti\u00f3n, las t\u00e9cnicas y los cursos de formaci\u00f3n y las tecnolog\u00edas de seguridad y favorecer la creaci\u00f3n de redes comerciales entre sus afiliados.<\/p>\n<p>3. DERECHOS<\/p>\n<p>Las partes son conscientes de que los derechos de los miembros son: votar y ser votados en las Juntas Generales, de conformidad con las disposiciones de sus Estatutos; convocar una Asamblea General, de conformidad con el Estatuto, garantizando a una quinta parte de los miembros el derecho a promoverla y disfrutar de los servicios de la Federaci\u00f3n Mundial de Seguridad.<\/p>\n<p>4. OBLIGACIONES<\/p>\n<p>4.1 Las partes son conscientes de que los asociados tienen los siguientes deberes: respetar, cumplir y actuar como socio de manera moral y \u00e9tica; cumplir con los Estatutos y los estatutos del Banco, cumplir con las decisiones de la Junta de Directores Ejecutivos y la Asamblea General y pagar, oportunamente, las cuotas de membres\u00eda, mediante un recibo bancario de US $ 250.00 (doscientos cincuenta d\u00f3lares), puede ser reajustado de acuerdo con los Estatutos de la Entidad.<\/p>\n<p>4.1.1 Es deber de los miembros pagar las contribuciones fijadas por la Junta General, incluso si, posteriormente, ser\u00e1 suspendido o excluido de la membres\u00eda, por las razones previstas en los Estatutos de la Entidad.<\/p>\n<p>5. DISPOSICIONES FINALES<\/p>\n<p>5.1 Las Partes eligen el foro del Distrito Judicial Especial de Brasilia-DF, como el competente para resolver los problemas legales no disponibles que surgen de este T\u00e9rmino de Asociaci\u00f3n.<\/p>\n<p>5.2 Las Partes Contratantes declaran bajo las penalidades de la Ley, que los firmantes de este Instrumento son sus abogados \/ representantes legales, debidamente constituidos en la forma de sus Estatutos \/ Contratos Sociales, con poderes para asumir las obligaciones en virtud del presente, de conformidad con las disposiciones de este Acuerdo. de este instrumento.<\/p>\n<p>5.3 Y, siendo justos y contratados, las partes firman este t\u00e9rmino en 02 (dos) copias, igual contenido y forma, en presencia de 02 (dos) testigos que tambi\u00e9n firman.<\/p>\n","protected":false},"excerpt":{"rendered":"<p>1. CONDICIONES GENERALES Partes de este instrumento son la FEDERACI\u00d3N DE SEGURIDAD MUNDIAL &#8211; FMS, una entidad legal directa privada, registrada con CNPJ no. 28719203 \/<span class=\"excerpt-hellip\"> [\u2026]<\/span><\/p>\n","protected":false},"featured_media":4901,"template":"","meta":[],"product_brand":[],"product_cat":[90],"product_tag":[],"class_list":{"0":"post-4892","1":"product","2":"type-product","3":"status-publish","4":"has-post-thumbnail","6":"product_cat-sem-categoria-es","8":"first","9":"instock","10":"shipping-taxable","11":"purchasable","12":"product-type-simple"},"_links":{"self":[{"href":"https:\/\/wsf.org.br\/es\/wp-json\/wp\/v2\/product\/4892","targetHints":{"allow":["GET"]}}],"collection":[{"href":"https:\/\/wsf.org.br\/es\/wp-json\/wp\/v2\/product"}],"about":[{"href":"https:\/\/wsf.org.br\/es\/wp-json\/wp\/v2\/types\/product"}],"version-history":[{"count":0,"href":"https:\/\/wsf.org.br\/es\/wp-json\/wp\/v2\/product\/4892\/revisions"}],"wp:featuredmedia":[{"embeddable":true,"href":"https:\/\/wsf.org.br\/es\/wp-json\/wp\/v2\/media\/4901"}],"wp:attachment":[{"href":"https:\/\/wsf.org.br\/es\/wp-json\/wp\/v2\/media?parent=4892"}],"wp:term":[{"taxonomy":"product_brand","embeddable":true,"href":"https:\/\/wsf.org.br\/es\/wp-json\/wp\/v2\/product_brand?post=4892"},{"taxonomy":"product_cat","embeddable":true,"href":"https:\/\/wsf.org.br\/es\/wp-json\/wp\/v2\/product_cat?post=4892"},{"taxonomy":"product_tag","embeddable":true,"href":"https:\/\/wsf.org.br\/es\/wp-json\/wp\/v2\/product_tag?post=4892"}],"curies":[{"name":"wp","href":"https:\/\/api.w.org\/{rel}","templated":true}]}}